{"id":32,"date":"2019-08-20T14:58:15","date_gmt":"2019-08-20T14:58:15","guid":{"rendered":"https:\/\/www.metalmaco.com\/?page_id=32"},"modified":"2019-09-18T16:04:19","modified_gmt":"2019-09-18T16:04:19","slug":"industria-metalurgica","status":"publish","type":"page","link":"https:\/\/metalmaco.com\/es\/","title":{"rendered":"Home"},"content":{"rendered":"","protected":false},"excerpt":{"rendered":"","protected":false},"author":1,"featured_media":0,"parent":0,"menu_order":1,"comment_status":"closed","ping_status":"closed","template":"templates\/template-home.php","meta":{"ngg_post_thumbnail":0,"footnotes":""},"class_list":["post-32","page","type-page","status-publish","hentry"],"yoast_head":"<!-- This site is optimized with the Yoast SEO plugin v27.4 - https:\/\/yoast.com\/product\/yoast-seo-wordpress\/ -->\n<title>Metalmaco Ind\u00fastria Metal\u00fargica, Lda - Maceira Lra, PT<\/title>\n<meta name=\"description\" content=\"Metalmaco \u00e9 uma empresa metalomec\u00e2nica dedicada \u00e0 manuten\u00e7\u00e3o industrial, ao fabrico e \u00e0 montagem de equipamentos e estruturas industriais.\" \/>\n<meta name=\"robots\" content=\"index, follow, max-snippet:-1, max-image-preview:large, max-video-preview:-1\" \/>\n<link rel=\"canonical\" href=\"https:\/\/metalmaco.com\/\" \/>\n<meta property=\"og:locale\" content=\"es_ES\" \/>\n<meta property=\"og:type\" content=\"article\" \/>\n<meta property=\"og:title\" content=\"Metalmaco Ind\u00fastria Metal\u00fargica, Lda - Maceira Lra, PT\" \/>\n<meta property=\"og:description\" content=\"Metalmaco \u00e9 uma empresa metalomec\u00e2nica dedicada \u00e0 manuten\u00e7\u00e3o industrial, ao fabrico e \u00e0 montagem de equipamentos e estruturas industriais.\" \/>\n<meta property=\"og:url\" content=\"https:\/\/metalmaco.com\/\" \/>\n<meta property=\"og:site_name\" content=\"Metalmaco\" \/>\n<meta property=\"article:modified_time\" content=\"2019-09-18T16:04:19+00:00\" \/>\n<meta name=\"twitter:card\" content=\"summary_large_image\" \/>\n<script type=\"application\/ld+json\" class=\"yoast-schema-graph\">{\"@context\":\"https:\\\/\\\/schema.org\",\"@graph\":[{\"@type\":\"WebPage\",\"@id\":\"https:\\\/\\\/metalmaco.com\\\/\",\"url\":\"https:\\\/\\\/metalmaco.com\\\/\",\"name\":\"Metalmaco Ind\u00fastria Metal\u00fargica, Lda - Maceira Lra, PT\",\"isPartOf\":{\"@id\":\"https:\\\/\\\/metalmaco.com\\\/#website\"},\"datePublished\":\"2019-08-20T14:58:15+00:00\",\"dateModified\":\"2019-09-18T16:04:19+00:00\",\"description\":\"Metalmaco \u00e9 uma empresa metalomec\u00e2nica dedicada \u00e0 manuten\u00e7\u00e3o industrial, ao fabrico e \u00e0 montagem de equipamentos e estruturas industriais.\",\"breadcrumb\":{\"@id\":\"https:\\\/\\\/metalmaco.com\\\/#breadcrumb\"},\"inLanguage\":\"es\",\"potentialAction\":[{\"@type\":\"ReadAction\",\"target\":[\"https:\\\/\\\/metalmaco.com\\\/\"]}]},{\"@type\":\"BreadcrumbList\",\"@id\":\"https:\\\/\\\/metalmaco.com\\\/#breadcrumb\",\"itemListElement\":[{\"@type\":\"ListItem\",\"position\":1,\"name\":\"In\u00edcio\",\"item\":\"https:\\\/\\\/metalmaco.com\\\/\"},{\"@type\":\"ListItem\",\"position\":2,\"name\":\"Home\"}]},{\"@type\":\"WebSite\",\"@id\":\"https:\\\/\\\/metalmaco.com\\\/#website\",\"url\":\"https:\\\/\\\/metalmaco.com\\\/\",\"name\":\"Metalmaco\",\"description\":\"Metalmaco, Ind\u00fastria Metal\u00fargica, Lda\",\"publisher\":{\"@id\":\"https:\\\/\\\/metalmaco.com\\\/#organization\"},\"potentialAction\":[{\"@type\":\"SearchAction\",\"target\":{\"@type\":\"EntryPoint\",\"urlTemplate\":\"https:\\\/\\\/metalmaco.com\\\/?s={search_term_string}\"},\"query-input\":{\"@type\":\"PropertyValueSpecification\",\"valueRequired\":true,\"valueName\":\"search_term_string\"}}],\"inLanguage\":\"es\"},{\"@type\":\"Organization\",\"@id\":\"https:\\\/\\\/metalmaco.com\\\/#organization\",\"name\":\"Metalmaco\",\"url\":\"https:\\\/\\\/metalmaco.com\\\/\",\"logo\":{\"@type\":\"ImageObject\",\"inLanguage\":\"es\",\"@id\":\"https:\\\/\\\/metalmaco.com\\\/#\\\/schema\\\/logo\\\/image\\\/\",\"url\":\"https:\\\/\\\/metalmaco.com\\\/wp-content\\\/uploads\\\/2019\\\/08\\\/cropped-logo.jpg\",\"contentUrl\":\"https:\\\/\\\/metalmaco.com\\\/wp-content\\\/uploads\\\/2019\\\/08\\\/cropped-logo.jpg\",\"width\":400,\"height\":83,\"caption\":\"Metalmaco\"},\"image\":{\"@id\":\"https:\\\/\\\/metalmaco.com\\\/#\\\/schema\\\/logo\\\/image\\\/\"}}]}<\/script>\n<!-- \/ Yoast SEO plugin. -->","yoast_head_json":{"title":"Metalmaco Ind\u00fastria Metal\u00fargica, Lda - Maceira Lra, PT","description":"Metalmaco \u00e9 uma empresa metalomec\u00e2nica dedicada \u00e0 manuten\u00e7\u00e3o industrial, ao fabrico e \u00e0 montagem de equipamentos e estruturas industriais.","robots":{"index":"index","follow":"follow","max-snippet":"max-snippet:-1","max-image-preview":"max-image-preview:large","max-video-preview":"max-video-preview:-1"},"canonical":"https:\/\/metalmaco.com\/","og_locale":"es_ES","og_type":"article","og_title":"Metalmaco Ind\u00fastria Metal\u00fargica, Lda - Maceira Lra, PT","og_description":"Metalmaco \u00e9 uma empresa metalomec\u00e2nica dedicada \u00e0 manuten\u00e7\u00e3o industrial, ao fabrico e \u00e0 montagem de equipamentos e estruturas industriais.","og_url":"https:\/\/metalmaco.com\/","og_site_name":"Metalmaco","article_modified_time":"2019-09-18T16:04:19+00:00","twitter_card":"summary_large_image","schema":{"@context":"https:\/\/schema.org","@graph":[{"@type":"WebPage","@id":"https:\/\/metalmaco.com\/","url":"https:\/\/metalmaco.com\/","name":"Metalmaco Ind\u00fastria Metal\u00fargica, Lda - Maceira Lra, PT","isPartOf":{"@id":"https:\/\/metalmaco.com\/#website"},"datePublished":"2019-08-20T14:58:15+00:00","dateModified":"2019-09-18T16:04:19+00:00","description":"Metalmaco \u00e9 uma empresa metalomec\u00e2nica dedicada \u00e0 manuten\u00e7\u00e3o industrial, ao fabrico e \u00e0 montagem de equipamentos e estruturas industriais.","breadcrumb":{"@id":"https:\/\/metalmaco.com\/#breadcrumb"},"inLanguage":"es","potentialAction":[{"@type":"ReadAction","target":["https:\/\/metalmaco.com\/"]}]},{"@type":"BreadcrumbList","@id":"https:\/\/metalmaco.com\/#breadcrumb","itemListElement":[{"@type":"ListItem","position":1,"name":"In\u00edcio","item":"https:\/\/metalmaco.com\/"},{"@type":"ListItem","position":2,"name":"Home"}]},{"@type":"WebSite","@id":"https:\/\/metalmaco.com\/#website","url":"https:\/\/metalmaco.com\/","name":"Metalmaco","description":"Metalmaco, Ind\u00fastria Metal\u00fargica, Lda","publisher":{"@id":"https:\/\/metalmaco.com\/#organization"},"potentialAction":[{"@type":"SearchAction","target":{"@type":"EntryPoint","urlTemplate":"https:\/\/metalmaco.com\/?s={search_term_string}"},"query-input":{"@type":"PropertyValueSpecification","valueRequired":true,"valueName":"search_term_string"}}],"inLanguage":"es"},{"@type":"Organization","@id":"https:\/\/metalmaco.com\/#organization","name":"Metalmaco","url":"https:\/\/metalmaco.com\/","logo":{"@type":"ImageObject","inLanguage":"es","@id":"https:\/\/metalmaco.com\/#\/schema\/logo\/image\/","url":"https:\/\/metalmaco.com\/wp-content\/uploads\/2019\/08\/cropped-logo.jpg","contentUrl":"https:\/\/metalmaco.com\/wp-content\/uploads\/2019\/08\/cropped-logo.jpg","width":400,"height":83,"caption":"Metalmaco"},"image":{"@id":"https:\/\/metalmaco.com\/#\/schema\/logo\/image\/"}}]}},"_links":{"self":[{"href":"https:\/\/metalmaco.com\/es\/wp-json\/wp\/v2\/pages\/32","targetHints":{"allow":["GET"]}}],"collection":[{"href":"https:\/\/metalmaco.com\/es\/wp-json\/wp\/v2\/pages"}],"about":[{"href":"https:\/\/metalmaco.com\/es\/wp-json\/wp\/v2\/types\/page"}],"author":[{"embeddable":true,"href":"https:\/\/metalmaco.com\/es\/wp-json\/wp\/v2\/users\/1"}],"replies":[{"embeddable":true,"href":"https:\/\/metalmaco.com\/es\/wp-json\/wp\/v2\/comments?post=32"}],"version-history":[{"count":1,"href":"https:\/\/metalmaco.com\/es\/wp-json\/wp\/v2\/pages\/32\/revisions"}],"predecessor-version":[{"id":33,"href":"https:\/\/metalmaco.com\/es\/wp-json\/wp\/v2\/pages\/32\/revisions\/33"}],"wp:attachment":[{"href":"https:\/\/metalmaco.com\/es\/wp-json\/wp\/v2\/media?parent=32"}],"curies":[{"name":"wp","href":"https:\/\/api.w.org\/{rel}","templated":true}]}}