{"id":22,"date":"2019-08-20T10:30:38","date_gmt":"2019-08-20T10:30:38","guid":{"rendered":"https:\/\/www.metalmaco.com\/?page_id=22"},"modified":"2019-08-24T23:18:31","modified_gmt":"2019-08-24T23:18:31","slug":"empresa","status":"publish","type":"page","link":"https:\/\/metalmaco.com\/es\/empresa\/","title":{"rendered":"Empresa"},"content":{"rendered":"<p>Metalmaco was established on September, 21<sup>st<\/sup> 1998 and it\u2019s an enterprise dedicated to maintenance, manufacturing and setting of industrial structures on mechanical metalwork.<\/p>\r\n<p>Metalmaco intervenes on several industrial sectors such as: cement, paper, pottery, agricultural and mould industries. Beyond that we are also providers of all sorts of ferrous and non-ferrous metals. Although its recent existence, its founders have over 30 years of experience on all areas above mentioned.<\/p>\r\n<p>Metalmaco with several departments such as management, purchase, sales, planning and mechanical engineering is prepared and fits as an ideal partner to answer to the market demandings and competition, present on a daily basis.<\/p>\r\n<p>With a total area of 6 000m<sup>2<\/sup>, our enterprise has 3 500m<sup>2<\/sup> of covered area and possesses equipment to develop tasks to answer your necessities, as an example of heavy equipment Metalmaco disposes a range of machines such as pressbrakes, shears<strong>, <\/strong>hidraulic rolling machinery, oxi-cut, cargo lifting, metal plasma cutting, SMAW, MIG-MAG and TIG welding, forklifts, telehandlers, lifting platforms, cranes, hoists and others.<\/p>\r\n<p>Metalmaco counts with over 20 direct workers to develop its activity, beyond that we also have a set of partners on project, machining, elevation and cargo movement, health, safety and hygiene at work.<\/p>\r\n<p>For all the developed work and given proof on the mentioned areas, Metalmaco will be for sure an added value to your enterprise.<\/p><p><img loading=\"lazy\" decoding=\"async\" class=\"alignnone wp-image-267 size-full\" src=\"https:\/\/metalmaco.com\/wp-content\/uploads\/2019\/08\/metalmaco-frente.jpg\" alt=\"\" width=\"400\" height=\"225\" srcset=\"https:\/\/metalmaco.com\/wp-content\/uploads\/2019\/08\/metalmaco-frente.jpg 400w, https:\/\/metalmaco.com\/wp-content\/uploads\/2019\/08\/metalmaco-frente-300x169.jpg 300w\" sizes=\"auto, (max-width: 400px) 100vw, 400px\" \/><img loading=\"lazy\" decoding=\"async\" class=\"alignnone wp-image-266 size-full\" src=\"https:\/\/metalmaco.com\/wp-content\/uploads\/2019\/08\/metalmaco-frente-dois.jpg\" alt=\"\" width=\"400\" height=\"225\" srcset=\"https:\/\/metalmaco.com\/wp-content\/uploads\/2019\/08\/metalmaco-frente-dois.jpg 400w, https:\/\/metalmaco.com\/wp-content\/uploads\/2019\/08\/metalmaco-frente-dois-300x169.jpg 300w\" sizes=\"auto, (max-width: 400px) 100vw, 400px\" \/><img loading=\"lazy\" decoding=\"async\" class=\"alignnone wp-image-265 size-full\" src=\"https:\/\/metalmaco.com\/wp-content\/uploads\/2019\/08\/metalmaco-frente-tres-1.jpg\" alt=\"\" width=\"400\" height=\"225\" srcset=\"https:\/\/metalmaco.com\/wp-content\/uploads\/2019\/08\/metalmaco-frente-tres-1.jpg 400w, https:\/\/metalmaco.com\/wp-content\/uploads\/2019\/08\/metalmaco-frente-tres-1-300x169.jpg 300w\" sizes=\"auto, (max-width: 400px) 100vw, 400px\" \/><\/p>\r\n<p data-wp-editing=\"1\">&nbsp;<\/p>\r\n<hr>\r\n<p>Fundada el 21 de septiembre de 1998, Metalmaco es una empresa metalmec\u00e1nica dedicada a la manutenci\u00f3n industrial, al fabrico y montaje de equipos y estructuras industriales.<\/p>\r\n<p>Metalmaco interviene en diversos sectores industriales, tales como, en el sector hormigonero, el sector del vidrio, del papel, de la cer\u00e1mica, sector agr\u00edcola \u00a0y del sector de los moldes. En estos sectores, Metalmaco es tambi\u00e9n proveedora de todo tipo de materiales ferrosos y no ferrosos.<\/p>\r\n<p>Metalmaco cuenta con una gran experiencia acumulada bien como un excelente nivel de conocimiento en todas estas \u00e1reas, visto que proviene de una empresa en nombre individual que, en su conjunto, ya posee m\u00e1s de 30 a\u00f1os de actividad.<\/p>\r\n<p>Con departamentos de gesti\u00f3n, compras, ventas, preparaci\u00f3n\/planeamiento e ingenier\u00eda mec\u00e1nica, la empresa Metalmaco se encuadra en el compa\u00f1ero de negocio ideal para responder a las exigencias del mercado cada vez m\u00e1s exigente y competitivo.<\/p>\r\n<p>En un \u00e1rea total de 6000m<sup>2<\/sup>, Metalmaco cuenta con 3500m<sup>2<\/sup> de \u00e1rea cubierta, donde tiene a su disposici\u00f3n un gran abanico de equipamientos para su desarrollo fabril, tales como, guillotinas, plegadoras, prensas, puentes rodantes de elevaci\u00f3n de carga, equipamientos de oxi-corte, corte por plasma, soldadura SMAW, MIG-MAG y TIG, m\u00e1quinas curvadoras de tubo, etc. En obra cuenta tambi\u00e9n con un abanico de equipamientos propios, tales como montacargas telesc\u00f3picos, plataformas elevadoras, gr\u00faas, etc.<\/p>\r\n<p>Metalmaco cuenta con cerca de veinte colaboradores directos para el desarrollo de su actividad. Adem\u00e1s, cuenta igualmente con un conjunto de compa\u00f1eros de negocio en las \u00e1reas de proyecto, maquinaci\u00f3n, manipulaci\u00f3n y elevaci\u00f3n de cargas, salud, seguridad e higiene laboral.<\/p>\r\n<p>Por todo el trabajo desarrollado y pruebas dadas en los sectores referidos, Metalmaco ser\u00e1 sin duda una plusval\u00eda para su empresa.<\/p><!-- \/wp:paragraph --><!-- wp:post-content --><p><img loading=\"lazy\" decoding=\"async\" class=\"alignnone wp-image-267 size-full\" src=\"https:\/\/metalmaco.com\/wp-content\/uploads\/2019\/08\/metalmaco-frente.jpg\" alt=\"\" width=\"400\" height=\"225\" srcset=\"https:\/\/metalmaco.com\/wp-content\/uploads\/2019\/08\/metalmaco-frente.jpg 400w, https:\/\/metalmaco.com\/wp-content\/uploads\/2019\/08\/metalmaco-frente-300x169.jpg 300w\" sizes=\"auto, (max-width: 400px) 100vw, 400px\" \/><img loading=\"lazy\" decoding=\"async\" class=\"alignnone wp-image-266 size-full\" src=\"https:\/\/metalmaco.com\/wp-content\/uploads\/2019\/08\/metalmaco-frente-dois.jpg\" alt=\"\" width=\"400\" height=\"225\" srcset=\"https:\/\/metalmaco.com\/wp-content\/uploads\/2019\/08\/metalmaco-frente-dois.jpg 400w, https:\/\/metalmaco.com\/wp-content\/uploads\/2019\/08\/metalmaco-frente-dois-300x169.jpg 300w\" sizes=\"auto, (max-width: 400px) 100vw, 400px\" \/><img loading=\"lazy\" decoding=\"async\" class=\"alignnone wp-image-265 size-full\" src=\"https:\/\/metalmaco.com\/wp-content\/uploads\/2019\/08\/metalmaco-frente-tres-1.jpg\" alt=\"\" width=\"400\" height=\"225\" srcset=\"https:\/\/metalmaco.com\/wp-content\/uploads\/2019\/08\/metalmaco-frente-tres-1.jpg 400w, https:\/\/metalmaco.com\/wp-content\/uploads\/2019\/08\/metalmaco-frente-tres-1-300x169.jpg 300w\" sizes=\"auto, (max-width: 400px) 100vw, 400px\" \/><\/p>\r\n<p data-wp-editing=\"1\">&nbsp;<\/p>\r\n<hr><!-- wp:paragraph -->\r\n<p>Fundada el 21 de septiembre de 1998, Metalmaco es una empresa metalmec\u00e1nica dedicada a la manutenci\u00f3n industrial, al fabrico y montaje de equipos y estructuras industriales.<\/p>\r\n<p>Metalmaco interviene en diversos sectores industriales, tales como, en el sector hormigonero, el sector del vidrio, del papel, de la cer\u00e1mica, sector agr\u00edcola \u00a0y del sector de los moldes. En estos sectores, Metalmaco es tambi\u00e9n proveedora de todo tipo de materiales ferrosos y no ferrosos.<\/p>\r\n<p>Metalmaco cuenta con una gran experiencia acumulada bien como un excelente nivel de conocimiento en todas estas \u00e1reas, visto que proviene de una empresa en nombre individual que, en su conjunto, ya posee m\u00e1s de 30 a\u00f1os de actividad.<\/p>\r\n<p>Con departamentos de gesti\u00f3n, compras, ventas, preparaci\u00f3n\/planeamiento e ingenier\u00eda mec\u00e1nica, la empresa Metalmaco se encuadra en el compa\u00f1ero de negocio ideal para responder a las exigencias del mercado cada vez m\u00e1s exigente y competitivo.<\/p>\r\n<p>En un \u00e1rea total de 6000m<sup>2<\/sup>, Metalmaco cuenta con 3500m<sup>2<\/sup> de \u00e1rea cubierta, donde tiene a su disposici\u00f3n un gran abanico de equipamientos para su desarrollo fabril, tales como, guillotinas, plegadoras, prensas, puentes rodantes de elevaci\u00f3n de carga, equipamientos de oxi-corte, corte por plasma, soldadura SMAW, MIG-MAG y TIG, m\u00e1quinas curvadoras de tubo, etc. En obra cuenta tambi\u00e9n con un abanico de equipamientos propios, tales como montacargas telesc\u00f3picos, plataformas elevadoras, gr\u00faas, etc.<\/p>\r\n<p>Metalmaco cuenta con cerca de veinte colaboradores directos para el desarrollo de su actividad. Adem\u00e1s, cuenta igualmente con un conjunto de compa\u00f1eros de negocio en las \u00e1reas de proyecto, maquinaci\u00f3n, manipulaci\u00f3n y elevaci\u00f3n de cargas, salud, seguridad e higiene laboral.<\/p>\r\n<p>Por todo el trabajo desarrollado y pruebas dadas en los sectores referidos, Metalmaco ser\u00e1 sin duda una plusval\u00eda para su empresa.<\/p><!-- \/wp:post-content -->","protected":false},"excerpt":{"rendered":"<p>&nbsp; Fundada el 21 de septiembre de 1998, Metalmaco es una empresa metalmec\u00e1nica dedicada a la manutenci\u00f3n industrial, al fabrico y montaje de equipos y estructuras industriales. Metalmaco interviene en diversos sectores industriales, tales como, en el sector hormigonero, el sector del vidrio, del papel, de la cer\u00e1mica, sector agr\u00edcola \u00a0y del sector de los [&hellip;]<\/p>\n","protected":false},"author":1,"featured_media":0,"parent":0,"menu_order":2,"comment_status":"closed","ping_status":"closed","template":"","meta":{"ngg_post_thumbnail":0,"footnotes":""},"class_list":["post-22","page","type-page","status-publish","hentry"],"yoast_head":"<!-- This site is optimized with the Yoast SEO plugin v27.5 - https:\/\/yoast.com\/product\/yoast-seo-wordpress\/ -->\n<title>Empresa - Metalmaco<\/title>\n<meta name=\"robots\" content=\"index, follow, max-snippet:-1, max-image-preview:large, max-video-preview:-1\" \/>\n<link rel=\"canonical\" href=\"https:\/\/metalmaco.com\/empresa\/\" \/>\n<meta property=\"og:locale\" content=\"es_ES\" \/>\n<meta property=\"og:type\" content=\"article\" \/>\n<meta property=\"og:title\" content=\"Empresa - Metalmaco\" \/>\n<meta property=\"og:description\" content=\"&nbsp; Fundada el 21 de septiembre de 1998, Metalmaco es una empresa metalmec\u00e1nica dedicada a la manutenci\u00f3n industrial, al fabrico y montaje de equipos y estructuras industriales. Metalmaco interviene en diversos sectores industriales, tales como, en el sector hormigonero, el sector del vidrio, del papel, de la cer\u00e1mica, sector agr\u00edcola \u00a0y del sector de los [&hellip;]\" \/>\n<meta property=\"og:url\" content=\"https:\/\/metalmaco.com\/empresa\/\" \/>\n<meta property=\"og:site_name\" content=\"Metalmaco\" \/>\n<meta property=\"article:modified_time\" content=\"2019-08-24T23:18:31+00:00\" \/>\n<meta property=\"og:image\" content=\"https:\/\/metalmaco.com\/wp-content\/uploads\/2019\/08\/metalmaco-frente.jpg\" \/>\n<meta name=\"twitter:card\" content=\"summary_large_image\" \/>\n<meta name=\"twitter:label1\" content=\"Tiempo de lectura\" \/>\n\t<meta name=\"twitter:data1\" content=\"4 minutos\" \/>\n<script type=\"application\/ld+json\" class=\"yoast-schema-graph\">{\"@context\":\"https:\\\/\\\/schema.org\",\"@graph\":[{\"@type\":\"WebPage\",\"@id\":\"https:\\\/\\\/metalmaco.com\\\/empresa\\\/\",\"url\":\"https:\\\/\\\/metalmaco.com\\\/empresa\\\/\",\"name\":\"Empresa - Metalmaco\",\"isPartOf\":{\"@id\":\"https:\\\/\\\/metalmaco.com\\\/#website\"},\"primaryImageOfPage\":{\"@id\":\"https:\\\/\\\/metalmaco.com\\\/empresa\\\/#primaryimage\"},\"image\":{\"@id\":\"https:\\\/\\\/metalmaco.com\\\/empresa\\\/#primaryimage\"},\"thumbnailUrl\":\"https:\\\/\\\/metalmaco.com\\\/wp-content\\\/uploads\\\/2019\\\/08\\\/metalmaco-frente.jpg\",\"datePublished\":\"2019-08-20T10:30:38+00:00\",\"dateModified\":\"2019-08-24T23:18:31+00:00\",\"breadcrumb\":{\"@id\":\"https:\\\/\\\/metalmaco.com\\\/empresa\\\/#breadcrumb\"},\"inLanguage\":\"es\",\"potentialAction\":[{\"@type\":\"ReadAction\",\"target\":[\"https:\\\/\\\/metalmaco.com\\\/empresa\\\/\"]}]},{\"@type\":\"ImageObject\",\"inLanguage\":\"es\",\"@id\":\"https:\\\/\\\/metalmaco.com\\\/empresa\\\/#primaryimage\",\"url\":\"https:\\\/\\\/metalmaco.com\\\/wp-content\\\/uploads\\\/2019\\\/08\\\/metalmaco-frente.jpg\",\"contentUrl\":\"https:\\\/\\\/metalmaco.com\\\/wp-content\\\/uploads\\\/2019\\\/08\\\/metalmaco-frente.jpg\"},{\"@type\":\"BreadcrumbList\",\"@id\":\"https:\\\/\\\/metalmaco.com\\\/empresa\\\/#breadcrumb\",\"itemListElement\":[{\"@type\":\"ListItem\",\"position\":1,\"name\":\"In\u00edcio\",\"item\":\"https:\\\/\\\/metalmaco.com\\\/\"},{\"@type\":\"ListItem\",\"position\":2,\"name\":\"Empresa\"}]},{\"@type\":\"WebSite\",\"@id\":\"https:\\\/\\\/metalmaco.com\\\/#website\",\"url\":\"https:\\\/\\\/metalmaco.com\\\/\",\"name\":\"Metalmaco\",\"description\":\"Metalmaco, Ind\u00fastria Metal\u00fargica, Lda\",\"publisher\":{\"@id\":\"https:\\\/\\\/metalmaco.com\\\/#organization\"},\"potentialAction\":[{\"@type\":\"SearchAction\",\"target\":{\"@type\":\"EntryPoint\",\"urlTemplate\":\"https:\\\/\\\/metalmaco.com\\\/?s={search_term_string}\"},\"query-input\":{\"@type\":\"PropertyValueSpecification\",\"valueRequired\":true,\"valueName\":\"search_term_string\"}}],\"inLanguage\":\"es\"},{\"@type\":\"Organization\",\"@id\":\"https:\\\/\\\/metalmaco.com\\\/#organization\",\"name\":\"Metalmaco\",\"url\":\"https:\\\/\\\/metalmaco.com\\\/\",\"logo\":{\"@type\":\"ImageObject\",\"inLanguage\":\"es\",\"@id\":\"https:\\\/\\\/metalmaco.com\\\/#\\\/schema\\\/logo\\\/image\\\/\",\"url\":\"https:\\\/\\\/metalmaco.com\\\/wp-content\\\/uploads\\\/2019\\\/08\\\/cropped-logo.jpg\",\"contentUrl\":\"https:\\\/\\\/metalmaco.com\\\/wp-content\\\/uploads\\\/2019\\\/08\\\/cropped-logo.jpg\",\"width\":400,\"height\":83,\"caption\":\"Metalmaco\"},\"image\":{\"@id\":\"https:\\\/\\\/metalmaco.com\\\/#\\\/schema\\\/logo\\\/image\\\/\"}}]}<\/script>\n<!-- \/ Yoast SEO plugin. -->","yoast_head_json":{"title":"Empresa - Metalmaco","robots":{"index":"index","follow":"follow","max-snippet":"max-snippet:-1","max-image-preview":"max-image-preview:large","max-video-preview":"max-video-preview:-1"},"canonical":"https:\/\/metalmaco.com\/empresa\/","og_locale":"es_ES","og_type":"article","og_title":"Empresa - Metalmaco","og_description":"&nbsp; Fundada el 21 de septiembre de 1998, Metalmaco es una empresa metalmec\u00e1nica dedicada a la manutenci\u00f3n industrial, al fabrico y montaje de equipos y estructuras industriales. Metalmaco interviene en diversos sectores industriales, tales como, en el sector hormigonero, el sector del vidrio, del papel, de la cer\u00e1mica, sector agr\u00edcola \u00a0y del sector de los [&hellip;]","og_url":"https:\/\/metalmaco.com\/empresa\/","og_site_name":"Metalmaco","article_modified_time":"2019-08-24T23:18:31+00:00","og_image":[{"url":"https:\/\/metalmaco.com\/wp-content\/uploads\/2019\/08\/metalmaco-frente.jpg","type":"","width":"","height":""}],"twitter_card":"summary_large_image","twitter_misc":{"Tiempo de lectura":"4 minutos"},"schema":{"@context":"https:\/\/schema.org","@graph":[{"@type":"WebPage","@id":"https:\/\/metalmaco.com\/empresa\/","url":"https:\/\/metalmaco.com\/empresa\/","name":"Empresa - Metalmaco","isPartOf":{"@id":"https:\/\/metalmaco.com\/#website"},"primaryImageOfPage":{"@id":"https:\/\/metalmaco.com\/empresa\/#primaryimage"},"image":{"@id":"https:\/\/metalmaco.com\/empresa\/#primaryimage"},"thumbnailUrl":"https:\/\/metalmaco.com\/wp-content\/uploads\/2019\/08\/metalmaco-frente.jpg","datePublished":"2019-08-20T10:30:38+00:00","dateModified":"2019-08-24T23:18:31+00:00","breadcrumb":{"@id":"https:\/\/metalmaco.com\/empresa\/#breadcrumb"},"inLanguage":"es","potentialAction":[{"@type":"ReadAction","target":["https:\/\/metalmaco.com\/empresa\/"]}]},{"@type":"ImageObject","inLanguage":"es","@id":"https:\/\/metalmaco.com\/empresa\/#primaryimage","url":"https:\/\/metalmaco.com\/wp-content\/uploads\/2019\/08\/metalmaco-frente.jpg","contentUrl":"https:\/\/metalmaco.com\/wp-content\/uploads\/2019\/08\/metalmaco-frente.jpg"},{"@type":"BreadcrumbList","@id":"https:\/\/metalmaco.com\/empresa\/#breadcrumb","itemListElement":[{"@type":"ListItem","position":1,"name":"In\u00edcio","item":"https:\/\/metalmaco.com\/"},{"@type":"ListItem","position":2,"name":"Empresa"}]},{"@type":"WebSite","@id":"https:\/\/metalmaco.com\/#website","url":"https:\/\/metalmaco.com\/","name":"Metalmaco","description":"Metalmaco, Ind\u00fastria Metal\u00fargica, Lda","publisher":{"@id":"https:\/\/metalmaco.com\/#organization"},"potentialAction":[{"@type":"SearchAction","target":{"@type":"EntryPoint","urlTemplate":"https:\/\/metalmaco.com\/?s={search_term_string}"},"query-input":{"@type":"PropertyValueSpecification","valueRequired":true,"valueName":"search_term_string"}}],"inLanguage":"es"},{"@type":"Organization","@id":"https:\/\/metalmaco.com\/#organization","name":"Metalmaco","url":"https:\/\/metalmaco.com\/","logo":{"@type":"ImageObject","inLanguage":"es","@id":"https:\/\/metalmaco.com\/#\/schema\/logo\/image\/","url":"https:\/\/metalmaco.com\/wp-content\/uploads\/2019\/08\/cropped-logo.jpg","contentUrl":"https:\/\/metalmaco.com\/wp-content\/uploads\/2019\/08\/cropped-logo.jpg","width":400,"height":83,"caption":"Metalmaco"},"image":{"@id":"https:\/\/metalmaco.com\/#\/schema\/logo\/image\/"}}]}},"_links":{"self":[{"href":"https:\/\/metalmaco.com\/es\/wp-json\/wp\/v2\/pages\/22","targetHints":{"allow":["GET"]}}],"collection":[{"href":"https:\/\/metalmaco.com\/es\/wp-json\/wp\/v2\/pages"}],"about":[{"href":"https:\/\/metalmaco.com\/es\/wp-json\/wp\/v2\/types\/page"}],"author":[{"embeddable":true,"href":"https:\/\/metalmaco.com\/es\/wp-json\/wp\/v2\/users\/1"}],"replies":[{"embeddable":true,"href":"https:\/\/metalmaco.com\/es\/wp-json\/wp\/v2\/comments?post=22"}],"version-history":[{"count":66,"href":"https:\/\/metalmaco.com\/es\/wp-json\/wp\/v2\/pages\/22\/revisions"}],"predecessor-version":[{"id":275,"href":"https:\/\/metalmaco.com\/es\/wp-json\/wp\/v2\/pages\/22\/revisions\/275"}],"wp:attachment":[{"href":"https:\/\/metalmaco.com\/es\/wp-json\/wp\/v2\/media?parent=22"}],"curies":[{"name":"wp","href":"https:\/\/api.w.org\/{rel}","templated":true}]}}